{"id":91,"date":"2009-01-24T02:01:49","date_gmt":"2009-01-24T01:01:49","guid":{"rendered":"http:\/\/www.statoveneto.net\/tribunale\/?page_id=91"},"modified":"2009-01-24T02:01:49","modified_gmt":"2009-01-24T01:01:49","slug":"perche-votare-per-il-parlamento-veneto","status":"publish","type":"page","link":"https:\/\/statoveneto.net\/tribunale\/perche-votare-per-il-parlamento-veneto\/","title":{"rendered":"Perch\u00e9 votare per il parlamento veneto"},"content":{"rendered":"<p>l 25 gennaio 2009 verr\u00e0 rinnovato il Parlamento del Popolo Veneto, l&#8217; &#8220;Asenblea dei Membri&#8221;.<\/p>\n<p>Il pi\u00f9 votato dei Membri diventer\u00e0 Capo del Governo del Popolo Veneto, e questo nuovo Governo sar\u00e0 il primo ad andare in una Corte Internazionale a farsi restituire la SOVRANITA&#8217; INTERNAZIONALE DEL POPOLO VENETO.<\/p>\n<p>Ci verr\u00e0 restituita la terra di San Marco, terra di libert\u00e0, non il ristretto &#8220;veneto&#8221; che hanno definito gli stati occupanti.<br \/>\ni<br \/>\nSiamo gi\u00e0 giuridicamente sovrani e in questo video capisci perch\u00e9 <a href=\"http:\/\/www.palmerini.net\/blog\/?p=316  \" target=\"_blank\">http:\/\/www.palmerini.net\/blog\/?p=316<\/p>\n<p><\/a> C&#8217;\u00e8 perfino una sentenza della magistratura del febbraio 2008 nella quale il giudice italiano, appositamente interrogato NON HA POTUTO DIMOSTRARE LA LEGALE PRESENZA ITALIANA NELLE VENETIE<\/p>\n<p>Grazie alla sentenza, a giugno del 2008 ben 1250 veneti hanno chiesto alla Corte dei Diritti dell&#8217;Uomo di Strasburgo di condannare l&#8217;Italia per violazione dei diritti umani, specie del diritto ad un giudice imparziale.<br \/>\nE come fa un giudice italiano abusivo ad essere imparziale ?<\/p>\n<p>Infatti il tribunale di Strasburgo ha accolto i ricorso non rifiutando le motivazioni, e far\u00e0 sentenza (vedi <a href=\"http:\/\/www.palmerini.net\/blog\/?p=245\" target=\"_blank\">http:\/\/www.palmerini.net\/blog\/?p=245<\/a> ) .<\/p>\n<p>Ma noi abbiamo gi\u00e0 tutti gli elementi giuridici internazionali per dimostrare che il LOMBARDO VENETO E&#8217; UNA COLONIA ILLEGALMENTE POSSEDUTA DALL&#8217;ITALIA.<\/p>\n<p>Questo nuovo governo e il parlamento eletti il 25 gennaio potranno fare richiesta di riconoscere la sovranit\u00e0 del popolo veneto, ridandogli il proprio territorio<\/p>\n<p>Tale richiesta verr\u00e0 presentata alla Corte internazionale RISERVATA AGLI STATI , ed essa non potra&#8217; che dire SI&#8217; perche&#8217; ci sono i precedenti giuridici di altre ex COLONIE.<\/p>\n<p>SOLO UN GOVERNO ELETTO E VOTATO DAI SOLI VENETI, secondo le comuni procedure internazionali, puo&#8217; presentare il ricorso, senza il passaggio elettorale del 25 gennaio non si \u00e8 legittimati.<\/p>\n<p>Il tuo voto di domenica a queste istituzioni CREATE E VOTATE SECONDO REGOLE VENETE \u00e8 importante per rafforzare il Governo.<\/p>\n<p>Ecco perch\u00e9 l&#8217;Italia ha IMPOSTO UN TOTALE SILENZIO SU QUESTO EVENTO.<br \/>\nPensa che i 1993 sindaci di tutto il territorio annesso nel 1866 (il Lombardo-Veneto) sono stati notificati con un fax, ma nemmeno 1 ha fatto una parola su questo, perch\u00e9 altrimenti perde la poltrona.<\/p>\n<p>Eppure le elezioni si svolgono ai sensi delle Leggi art.2 L.n340 del 1971 e L.n.881 del 1977, che RICONOSCONO LA SOVRANITA&#8217; AL POPOLO VENETO.<br \/>\nQuesto fatto \u00e8 perfino stato riconosciuto anche dal consiglio regionale veneto del 1998.<\/p>\n<p>Insomma sono almeno 20 anni che i veneti sono sovrani, ma questi sindaci di poltrona italiana e questi partiti del sistema italiano non dicono nulla.<\/p>\n<p>Ma non ha nessuna importanza l&#8217;omert\u00e0 di coloro che sono stati eletti nelle amministrazioni italiane dai cittadini italiani con le loro regole italiane, sono regole che non valgono perch\u00e9 sono le regole dello STATO ABUSIVO.<\/p>\n<p>Solo i discendenti di veneti e i residenti da almeno 5 anni (che parlano veneto ) possono votare le istituzioni venete.<br \/>\nEleggere sovranamente il proprio parlamento \u00e8 un importante passo dei cittadini del popolo veneto.<\/p>\n<p>Non votare vuol dire rinunciare a dare corpo alla libert\u00e0 del popolo veneto e a s\u00e9 stessi.<\/p>\n<p>Basta presentarsi a uno dei seggi indicati, e votare, eventualmente registrandosi al momento.<\/p>\n<p>Si pu\u00f2 votare uno dei candidati o uno qualunque dei tanti cittadini del popolo veneto registrato alla anagrafe ufficiale.<\/p>\n<p>Si pu\u00f2 votare a essere parlamentare un altro cittadino veneto che conosci,\u00a0 se \u00e8 registrato o si registra.<\/p>\n<p>Ovviamente, come per tutte le elezioni del mondo, nessuno \u00e8 costretto a votare, ma una bassa affluenza di votanti non render\u00e0 invalide le elezioni nazionali, dimostrer\u00e0 solo la censura e la paura di votare prodotta dall&#8217;OCCUPAZIONE ITALIANA.<\/p>\n<p>Porta gli amici e fai una scampagnata di libert\u00e0. E se non puoi esserci, basta che scarichi il modulo per il voto , lo compili e lo invii via fax, email o posta.<\/p>\n<p>Se vuoi, a partire da domenica e nelle settimane successive potrai votare via internet con il voto elettronico in maniera pi\u00f9 riservata.<\/p>\n<p>Quindi \u00e8 una scelta restare italiani e non votare .<\/p>\n<p>Su\u00a0 trovi tutte le Istruzioni per votare<\/p>\n<p>Ma non dimenticare che la libert\u00e0 si pu\u00f2 conquistare senza fucile ma non senza coraggio.<\/p>\n<p>W il popolo veneto sovrano nella sua terra<\/p>\n<p><a href=\"http:\/\/www.statoveneto.net\/tribunale\/votazioni-2009\/\" target=\"_self\">Ecco come votare (clicca)<\/a><\/p>\n","protected":false},"excerpt":{"rendered":"<p>l 25 gennaio 2009 verr\u00e0 rinnovato il Parlamento del Popolo Veneto, l&#8217; &#8220;Asenblea dei Membri&#8221;. Il pi\u00f9 votato dei Membri diventer\u00e0 Capo del Governo del Popolo Veneto, e questo nuovo Governo sar\u00e0 il primo ad andare in una Corte Internazionale a farsi restituire la SOVRANITA&#8217; INTERNAZIONALE DEL POPOLO VENETO. Ci verr\u00e0 restituita la terra di [&hellip;]<\/p>\n","protected":false},"author":1,"featured_media":0,"parent":0,"menu_order":0,"comment_status":"open","ping_status":"open","template":"","meta":{"footnotes":""},"class_list":["post-91","page","type-page","status-publish","hentry"],"_links":{"self":[{"href":"https:\/\/statoveneto.net\/tribunale\/wp-json\/wp\/v2\/pages\/91","targetHints":{"allow":["GET"]}}],"collection":[{"href":"https:\/\/statoveneto.net\/tribunale\/wp-json\/wp\/v2\/pages"}],"about":[{"href":"https:\/\/statoveneto.net\/tribunale\/wp-json\/wp\/v2\/types\/page"}],"author":[{"embeddable":true,"href":"https:\/\/statoveneto.net\/tribunale\/wp-json\/wp\/v2\/users\/1"}],"replies":[{"embeddable":true,"href":"https:\/\/statoveneto.net\/tribunale\/wp-json\/wp\/v2\/comments?post=91"}],"version-history":[{"count":1,"href":"https:\/\/statoveneto.net\/tribunale\/wp-json\/wp\/v2\/pages\/91\/revisions"}],"predecessor-version":[{"id":92,"href":"https:\/\/statoveneto.net\/tribunale\/wp-json\/wp\/v2\/pages\/91\/revisions\/92"}],"wp:attachment":[{"href":"https:\/\/statoveneto.net\/tribunale\/wp-json\/wp\/v2\/media?parent=91"}],"curies":[{"name":"wp","href":"https:\/\/api.w.org\/{rel}","templated":true}]}}